{"id":360,"date":"2021-09-17T04:27:07","date_gmt":"2021-09-17T04:27:07","guid":{"rendered":"https:\/\/shtheme.org\/demosd\/ckarla\/?page_id=360"},"modified":"2024-07-02T11:52:03","modified_gmt":"2024-07-02T11:52:03","slug":"information","status":"publish","type":"page","link":"https:\/\/pictures-by-mrc.com\/en\/information\/","title":{"rendered":"Information"},"content":{"rendered":"<div data-elementor-type=\"wp-page\" data-elementor-id=\"360\" class=\"elementor elementor-360\">\n\t\t\t\t\t\t<section class=\"elementor-section elementor-top-section elementor-element elementor-element-c9e650b elementor-section-full_width elementor-section-height-default elementor-section-height-default\" data-id=\"c9e650b\" data-element_type=\"section\" data-e-type=\"section\">\n\t\t\t\t\t\t<div class=\"elementor-container elementor-column-gap-no\">\n\t\t\t\t\t<div class=\"elementor-column elementor-col-100 elementor-top-column elementor-element elementor-element-435c3a8\" data-id=\"435c3a8\" data-element_type=\"column\" data-e-type=\"column\">\n\t\t\t<div class=\"elementor-widget-wrap elementor-element-populated\">\n\t\t\t\t\t\t<div class=\"elementor-element elementor-element-72e559f elementor-align-left elementor-widget elementor-widget-bdevs-banner\" data-id=\"72e559f\" data-element_type=\"widget\" data-e-type=\"widget\" data-widget_type=\"bdevs-banner.default\">\n\t\t\t\t<div class=\"elementor-widget-container\">\n\t\t\t\t\t\t\t<div class=\"ready banner-padding bg-img\" data-overlay-light=\"0\" data-background=\"https:\/\/pictures-by-mrc.com\/wp-content\/uploads\/2022\/10\/MJ-297-scaled.jpg\">\n\t        <div class=\"container\">\n\t            <div class=\"row\">\n\t                <div class=\"col-md-12\">\n\t                    <div class=\"cat text-center animate-box fadeInUp animated\" data-animate-effect=\"fadeInUp\"> \n\t                    \t\t                    \t<span>Information<\/span>\n\t                        <hr class=\"line line-hr-center\">\n\t                        \t                        \t                        <h1>Services 2025<\/h1>\n\t                        \t                    <\/div>\n\t                <\/div>\n\t            <\/div>\n\t        <\/div>\n\t    <\/div>\n\t\t\t\t\t<\/div>\n\t\t\t\t<\/div>\n\t\t\t\t\t<\/div>\n\t\t<\/div>\n\t\t\t\t\t<\/div>\n\t\t<\/section>\n\t\t\t\t<section class=\"elementor-section elementor-top-section elementor-element elementor-element-c37cb29 elementor-section-full_width elementor-section-height-default elementor-section-height-default\" data-id=\"c37cb29\" data-element_type=\"section\" data-e-type=\"section\">\n\t\t\t\t\t\t<div class=\"elementor-container elementor-column-gap-no\">\n\t\t\t\t\t<div class=\"elementor-column elementor-col-100 elementor-top-column elementor-element elementor-element-3e8c3af\" data-id=\"3e8c3af\" data-element_type=\"column\" data-e-type=\"column\">\n\t\t\t<div class=\"elementor-widget-wrap elementor-element-populated\">\n\t\t\t\t\t\t<div class=\"elementor-element elementor-element-add9baa elementor-align-left elementor-widget elementor-widget-bdevs-pricing\" data-id=\"add9baa\" data-element_type=\"widget\" data-e-type=\"widget\" data-widget_type=\"bdevs-pricing.default\">\n\t\t\t\t<div class=\"elementor-widget-container\">\n\t\t\t\t\t\t\t<div class=\"section-padding prices\">\r\n\t        <div class=\"container\">\r\n\t            <div class=\"row mb-60\">\r\n\t            \t\t                <div class=\"col-md-4\">\r\n\t                    <h2>An all-inclusive package.<\/h2>\r\n\t                    <hr class=\"line line-hr-left\"> \r\n\t                <\/div>\r\n\t            \t\t            \t\t                <div class=\"col-md-8\">\r\n\t                    <p>You're looking for an experienced photographer with a reporter's style and a natural look.  Then you've found me! <\/p>\n\n\n<b>But what does it include?<b \/>\n <p>I propose to accompany you for your entire wedding day in Provence, from the preparations to the pi\u00e8ce mont\u00e9e, not forgetting the first dance. A report lasting around 14 hours to capture all the important moments that will punctuate your very special day.<\/p> \n<p> First of all, let's meet for a drink or a video chat to talk about you and your project. This is an essential time to get to know each other and to be able to present all my services to you in detail.<\/p>\n<p> This package includes a second meeting a few days before your wedding, at the venue, over a drink or by video, to discuss planning and final details. \n<p>Throughout the preparation of your wedding, I'm always available to give you tips or contacts. I can also give you advice on planning your event.\n \n<p> A minimum of 450 individually and professionally retouched photos<\/p>\n<p>Your friends and family can come and admire your photos and order additional prints via a private and secure online gallery.<\/p>\n<p> Your retouched photos are backed up by me on physical media and in the cloud for a period of 5 years. This backup is renewable beyond this period.\n<p>To showcase your precious memories, a top-of-the-range photo book is included in my package. It comes in a pretty wooden box.  <\/p>\n<b>What guarantees do I have?<b \/>\n <p> The guarantee of being accompanied by a professional with a passion for images <\/p>\n <p> As a professional, I have a professional liability insurance policy, which protects me and you against any accident.  <\/p>\n<p> I shoot my weddings with two cameras, and I always have a third camera ready if I need it. My shooting equipment (cameras and lenses) comes exclusively from the Nikon professional range. <\/p>\n<p>So as not to take any risks, my photos are systematically recorded simultaneously on two memory cards when I take them. A third backup, both physical and in the cloud, is then made as soon as I return to my office. So your precious photos are safe. <\/p>\n<b>What about travel expenses?<\/b>\n<p>They are included, within a radius of about 1h30 from my office. Beyond that we can discuss it.<\/p>\t                <\/div>\r\n\t            \t\t            <\/div>\r\n\t            <div class=\"row mb-60\">\r\n\t            \t\t                <div class=\"col-md-4\">\r\n\t                    <div class=\"item\">\r\n\t                        <div class=\"prices-img\"> <img decoding=\"async\" src=\"https:\/\/pictures-by-mrc.com\/wp-content\/uploads\/2016\/10\/mariage-preparatifs-mariee.jpg\" alt=\"\">\r\n\t                            <div class=\"cat\">\r\n\t                                <span>PRICE ON REQUEST<\/span>\r\n\t                            <\/div>\r\n\t                        <\/div>\r\n\t                        <div class=\"content\">\r\n\t                            <h5>Authentic<\/h5>\r\n\t                            <hr class=\"line line-hr-left\">\r\n\t                            <p>This report tells the story of your wedding day, from the preparations to the arrival of the wedding cake and the start of the evening's dancing.\u00a0<\/p><ul><li><i class=\"ti-check\"><\/i>Two preparatory interviews<\/li><li><i class=\"ti-check\"><\/i>Travel expenses included within a 1.5 hour radius of my office<\/li><li><i class=\"ti-check\"><\/i>Support throughout the preparations for your big day.<\/li><li><i class=\"ti-check\"><\/i> Around 14 hours of coverage<\/li><li><i class=\"ti-check\"><\/i> Editing, sorting, colourimetry and retouching<\/li><li><i class=\"ti-check\"><\/i> 600+ photos delivered in HD<\/li><li><i class=\"ti-check\"><\/i>Private online gallery<\/li><li>\u00a0<\/li><\/ul><p style=\"text-align: center\"><a href=\"\/en\/appointment\/\"><span style=\"color: #91a49a\">Make an appointment<\/span><\/a><\/p>\t                        <\/div>\r\n\t                    <\/div>\r\n\t                <\/div>\r\n\t            \t\t                <div class=\"col-md-4\">\r\n\t                    <div class=\"item\">\r\n\t                        <div class=\"prices-img\"> <img decoding=\"async\" src=\"https:\/\/pictures-by-mrc.com\/wp-content\/uploads\/2016\/10\/mariage-preparatifs-mariee.jpg\" alt=\"\">\r\n\t                            <div class=\"cat\">\r\n\t                                <span>PRICE ON REQUEST<\/span>\r\n\t                            <\/div>\r\n\t                        <\/div>\r\n\t                        <div class=\"content\">\r\n\t                            <h5>Authentic + Photo Book<\/h5>\r\n\t                            <hr class=\"line line-hr-left\">\r\n\t                            <p>This report tells the story of your wedding day, from the preparations to the arrival of the wedding cake and the start of the evening's dancing. To preserve these unforgettable memories, I'll create a large, top-of-the-range photo book for you, delivered in a wooden box.<\/p><ul><li><i class=\"ti-check\"><\/i>Two preparatory interviews<\/li><li><i class=\"ti-check\"><\/i>Travel expenses included within a 1.5 hour radius of my office<\/li><li><i class=\"ti-check\"><\/i>Support throughout the preparations for your big day.<\/li><li><i class=\"ti-check\"><\/i> Around 14 hours of coverage<\/li><li><i class=\"ti-check\"><\/i> Editing, sorting, colourimetry and retouching<\/li><li><i class=\"ti-check\"><\/i> 600+ photos delivered in HD<\/li><li><i class=\"ti-check\"><\/i>Private online gallery<\/li><li><i class=\"ti-check\"><\/i><strong>A top-of-the-range 48-page photo book in a wooden box.<\/strong><\/li><li>\u00a0<\/li><\/ul><p style=\"text-align: center\"><a href=\"\/en\/appointment\/\"><span style=\"color: #91a49a\">Make an appointment<\/span><\/a><\/p>\t                        <\/div>\r\n\t                    <\/div>\r\n\t                <\/div>\r\n\t            \t\t                <div class=\"col-md-4\">\r\n\t                    <div class=\"item\">\r\n\t                        <div class=\"prices-img\"> <img decoding=\"async\" src=\"https:\/\/pictures-by-mrc.com\/wp-content\/uploads\/2016\/10\/mariage-preparatifs-mariee.jpg\" alt=\"\">\r\n\t                            <div class=\"cat\">\r\n\t                                <span>PRICE ON REQUEST<\/span>\r\n\t                            <\/div>\r\n\t                        <\/div>\r\n\t                        <div class=\"content\">\r\n\t                            <h5>Authentic Full Weekend<\/h5>\r\n\t                            <hr class=\"line line-hr-left\">\r\n\t                            <p>This report tells the story of your wedding weekend, from the welcome dinner to the brunch. To preserve these unforgettable memories, I'll create a large, top-of-the-range photo book, delivered in a wooden box.<\/p><ul><li><i class=\"ti-check\"><\/i>Two preparatory interviews<\/li><li><i class=\"ti-check\"><\/i>Travel expenses included within a 1.5 hour radius of my office<\/li><li><i class=\"ti-check\"><\/i>Support throughout the preparations for your big day.<i class=\"ti-check\"><\/i><\/li><li><i class=\"ti-check\"><\/i> Editing, sorting, colourimetry and retouching<\/li><li><i class=\"ti-check\"><\/i> 1000+ photos delivered in HD<\/li><li><i class=\"ti-check\"><\/i>Private online gallery<\/li><li><i class=\"ti-check\"><\/i><strong>A top-of-the-range 48-page photo book in a wooden box.<\/strong><\/li><li>\u00a0<\/li><\/ul><p style=\"text-align: center\"><a href=\"\/en\/appointment\/\"><span style=\"color: #91a49a\">Make an appointment<\/span><\/a><\/p>\t                        <\/div>\r\n\t                    <\/div>\r\n\t                <\/div>\r\n\t            \t\t            <\/div>\r\n\t        <\/div>\r\n\t    <\/div>\r\n\t\t\t\t\t<\/div>\n\t\t\t\t<\/div>\n\t\t\t\t<div class=\"elementor-element elementor-element-70266d8 elementor-align-left elementor-widget elementor-widget-bdevs-services\" data-id=\"70266d8\" data-element_type=\"widget\" data-e-type=\"widget\" data-widget_type=\"bdevs-services.default\">\n\t\t\t\t<div class=\"elementor-widget-container\">\n\t\t\t\t\t\t\t<div class=\"section-padding services\">\r\n\t        <div class=\"container\">\r\n\t\t\t\t<div class=\"row\">\r\n\t                <div class=\"col-md-4\">\r\n\t                \t\t                    <h2>Options<\/h2>\r\n\t                    <hr class=\"line line-hr-left\">\r\n\t                \t\t                \t\t                    <p>Additional needs? Any special requests? I'd be delighted to help. Other packages are available on request.<\/p>\r\n\t                \t\t                <\/div>\r\n\t                <div class=\"col-md-7 offset-md-1\">\r\n\t                    <div class=\"exstra-services\">\r\n\t                    \t\t                        <h5>Wooden case with 100 paper prints <span class=\"price\">FROM 150 EUR<\/span><\/h5>\r\n\t                    \t\t                        <h5>Second shooter (recommended if more than 130 guests) <span class=\"price\">750 EUR<\/span><\/h5>\r\n\t                    \t\t                        <h5>Additional hour <span class=\"price\">150 EUR\/HOUR<\/span><\/h5>\r\n\t                    \t\t                        <h5>Photo prints <span class=\"price\">on request<\/span><\/h5>\r\n\t                    \t\t                <\/div>\r\n\t            <\/div>\r\n\t        <\/div>\r\n\t    <\/div>\r\n\t\t\t\t\t<\/div>\n\t\t\t\t<\/div>\n\t\t\t\t\t<\/div>\n\t\t<\/div>\n\t\t\t\t\t<\/div>\n\t\t<\/section>\n\t\t\t\t<section class=\"elementor-section elementor-top-section elementor-element elementor-element-b1d369c elementor-section-full_width elementor-section-height-default elementor-section-height-default\" data-id=\"b1d369c\" data-element_type=\"section\" data-e-type=\"section\">\n\t\t\t\t\t\t<div class=\"elementor-container elementor-column-gap-no\">\n\t\t\t\t\t<div class=\"elementor-column elementor-col-100 elementor-top-column elementor-element elementor-element-041518f\" data-id=\"041518f\" data-element_type=\"column\" data-e-type=\"column\">\n\t\t\t<div class=\"elementor-widget-wrap\">\n\t\t\t\t\t\t\t<\/div>\n\t\t<\/div>\n\t\t\t\t\t<\/div>\n\t\t<\/section>\n\t\t\t\t<section class=\"elementor-section elementor-top-section elementor-element elementor-element-06897da elementor-section-boxed elementor-section-height-default elementor-section-height-default\" data-id=\"06897da\" data-element_type=\"section\" data-e-type=\"section\">\n\t\t\t\t\t\t<div class=\"elementor-container elementor-column-gap-default\">\n\t\t\t\t\t<div class=\"elementor-column elementor-col-100 elementor-top-column elementor-element elementor-element-2f26f0a\" data-id=\"2f26f0a\" data-element_type=\"column\" data-e-type=\"column\">\n\t\t\t<div class=\"elementor-widget-wrap elementor-element-populated\">\n\t\t\t\t\t\t<div class=\"elementor-element elementor-element-9f392a8 elementor-widget elementor-widget-heading\" data-id=\"9f392a8\" data-element_type=\"widget\" data-e-type=\"widget\" data-widget_type=\"heading.default\">\n\t\t\t\t<div class=\"elementor-widget-container\">\n\t\t\t\t\t<h2 class=\"elementor-heading-title elementor-size-default\">Tell me about your project<\/h2>\t\t\t\t<\/div>\n\t\t\t\t<\/div>\n\t\t\t\t<div class=\"elementor-element elementor-element-22eff1a elementor-widget elementor-widget-html\" data-id=\"22eff1a\" data-element_type=\"widget\" data-e-type=\"widget\" data-widget_type=\"html.default\">\n\t\t\t\t<div class=\"elementor-widget-container\">\n\t\t\t\t\t<iframe width=\"100%\" height=\"1000\" src=\"https:\/\/www.fotostudio.io\/lead_forms\/4139\" frameborder=\"0\" allowfullscreen><\/iframe>\t\t\t\t<\/div>\n\t\t\t\t<\/div>\n\t\t\t\t\t<\/div>\n\t\t<\/div>\n\t\t\t\t\t<\/div>\n\t\t<\/section>\n\t\t\t\t<section class=\"elementor-section elementor-top-section elementor-element elementor-element-9b9084f elementor-section-boxed elementor-section-height-default elementor-section-height-default\" data-id=\"9b9084f\" data-element_type=\"section\" data-e-type=\"section\">\n\t\t\t\t\t\t<div class=\"elementor-container elementor-column-gap-default\">\n\t\t\t\t\t<div class=\"elementor-column elementor-col-100 elementor-top-column elementor-element elementor-element-dee60c0\" data-id=\"dee60c0\" data-element_type=\"column\" data-e-type=\"column\">\n\t\t\t<div class=\"elementor-widget-wrap elementor-element-populated\">\n\t\t\t\t\t\t<div class=\"elementor-element elementor-element-44d95da elementor-widget elementor-widget-html\" data-id=\"44d95da\" data-element_type=\"widget\" data-e-type=\"widget\" data-widget_type=\"html.default\">\n\t\t\t\t<div class=\"elementor-widget-container\">\n\t\t\t\t\t<!-- D\u00e9but de widget de badge Calendly -->\r\n<link href=\"https:\/\/assets.calendly.com\/assets\/external\/widget.css\" rel=\"stylesheet\">\r\n<script src=\"https:\/\/assets.calendly.com\/assets\/external\/widget.js\" type=\"text\/javascript\" async><\/script>\r\n<script type=\"text\/javascript\">window.onload = function() { Calendly.initBadgeWidget({ url: 'https:\/\/calendly.com\/picturesbymrc\/rendez-vous-mariage?primary_color=91a49a', text: 'Prenons RDV', color: '#91a49a', textColor: '#ffffff', branding: true }); }<\/script>\r\n<!-- Fin de widget de badge Calendly -->\t\t\t\t<\/div>\n\t\t\t\t<\/div>\n\t\t\t\t\t<\/div>\n\t\t<\/div>\n\t\t\t\t\t<\/div>\n\t\t<\/section>\n\t\t\t\t<\/div>","protected":false},"excerpt":{"rendered":"<p>Informations Prestations 2025 Une formule tout inclus. Vous cherchez un photographe exp\u00e9riment\u00e9, au style reporter, au rendu naturel. Vous m&#8217;avez trouv\u00e9 ! Mais qu&#8217;est ce que \u00e7a comprend ? Je propose de vous accompagner pour votre journ\u00e9e compl\u00e8te de mariage en Provence, des pr\u00e9paratifs \u00e0 la pi\u00e8ce mont\u00e9e, sans oublier la premi\u00e8re danse. Un reportage [&hellip;]<\/p>","protected":false},"author":1,"featured_media":0,"parent":0,"menu_order":0,"comment_status":"closed","ping_status":"closed","template":"page-templates\/home-2.php","meta":{"_monsterinsights_skip_tracking":false,"_monsterinsights_sitenote_active":false,"_monsterinsights_sitenote_note":"","_monsterinsights_sitenote_category":0,"footnotes":""},"class_list":["post-360","page","type-page","status-publish","hentry"],"yoast_head":"<!-- This site is optimized with the Yoast SEO Premium plugin v19.2.1 (Yoast SEO v27.4) - https:\/\/yoast.com\/product\/yoast-seo-premium-wordpress\/ -->\n<title>Pictures by Mr C. - Photographe Mariage Luberon Vaucluse Dr\u00f4me<\/title>\n<meta name=\"description\" content=\"Photographe de mariage professionnel dans le Luberon, Vaucluse et Dr\u00f4me Proven\u00e7ale. Expert du reportage spontan\u00e9 a rendu naturel.\" \/>\n<meta name=\"robots\" content=\"index, follow, max-snippet:-1, max-image-preview:large, max-video-preview:-1\" \/>\n<link rel=\"canonical\" href=\"https:\/\/pictures-by-mrc.com\/en\/information\/\" \/>\n<meta property=\"og:locale\" content=\"en_GB\" \/>\n<meta property=\"og:type\" content=\"article\" \/>\n<meta property=\"og:title\" content=\"Informations\" \/>\n<meta property=\"og:description\" content=\"Photographe de mariage professionnel dans le Luberon, Vaucluse et Dr\u00f4me Proven\u00e7ale. Expert du reportage spontan\u00e9 a rendu naturel.\" \/>\n<meta property=\"og:url\" content=\"https:\/\/pictures-by-mrc.com\/en\/information\/\" \/>\n<meta property=\"og:site_name\" content=\"Pictures by Mr C.\" \/>\n<meta property=\"article:modified_time\" content=\"2024-07-02T11:52:03+00:00\" \/>\n<meta property=\"og:image\" content=\"https:\/\/pictures-by-mrc.com\/wp-content\/uploads\/2016\/10\/mariage-preparatifs-mariee.jpg\" \/>\n<meta name=\"twitter:card\" content=\"summary_large_image\" \/>\n<meta name=\"twitter:label1\" content=\"Estimated reading time\" \/>\n\t<meta name=\"twitter:data1\" content=\"5 minutes\" \/>\n<script type=\"application\/ld+json\" class=\"yoast-schema-graph\">{\"@context\":\"https:\\\/\\\/schema.org\",\"@graph\":[{\"@type\":\"WebPage\",\"@id\":\"https:\\\/\\\/pictures-by-mrc.com\\\/informations\\\/\",\"url\":\"https:\\\/\\\/pictures-by-mrc.com\\\/informations\\\/\",\"name\":\"Pictures by Mr C. - Photographe Mariage Luberon Vaucluse Dr\u00f4me\",\"isPartOf\":{\"@id\":\"https:\\\/\\\/pictures-by-mrc.com\\\/#website\"},\"primaryImageOfPage\":{\"@id\":\"https:\\\/\\\/pictures-by-mrc.com\\\/informations\\\/#primaryimage\"},\"image\":{\"@id\":\"https:\\\/\\\/pictures-by-mrc.com\\\/informations\\\/#primaryimage\"},\"thumbnailUrl\":\"https:\\\/\\\/pictures-by-mrc.com\\\/wp-content\\\/uploads\\\/2016\\\/10\\\/mariage-preparatifs-mariee.jpg\",\"datePublished\":\"2021-09-17T04:27:07+00:00\",\"dateModified\":\"2024-07-02T11:52:03+00:00\",\"description\":\"Photographe de mariage professionnel dans le Luberon, Vaucluse et Dr\u00f4me Proven\u00e7ale. Expert du reportage spontan\u00e9 a rendu naturel.\",\"breadcrumb\":{\"@id\":\"https:\\\/\\\/pictures-by-mrc.com\\\/informations\\\/#breadcrumb\"},\"inLanguage\":\"en-GB\",\"potentialAction\":[{\"@type\":\"ReadAction\",\"target\":[\"https:\\\/\\\/pictures-by-mrc.com\\\/informations\\\/\"]}]},{\"@type\":\"ImageObject\",\"inLanguage\":\"en-GB\",\"@id\":\"https:\\\/\\\/pictures-by-mrc.com\\\/informations\\\/#primaryimage\",\"url\":\"https:\\\/\\\/pictures-by-mrc.com\\\/wp-content\\\/uploads\\\/2016\\\/10\\\/mariage-preparatifs-mariee.jpg\",\"contentUrl\":\"https:\\\/\\\/pictures-by-mrc.com\\\/wp-content\\\/uploads\\\/2016\\\/10\\\/mariage-preparatifs-mariee.jpg\"},{\"@type\":\"BreadcrumbList\",\"@id\":\"https:\\\/\\\/pictures-by-mrc.com\\\/informations\\\/#breadcrumb\",\"itemListElement\":[{\"@type\":\"ListItem\",\"position\":1,\"name\":\"Accueil\",\"item\":\"https:\\\/\\\/pictures-by-mrc.com\\\/\"},{\"@type\":\"ListItem\",\"position\":2,\"name\":\"Informations\"}]},{\"@type\":\"WebSite\",\"@id\":\"https:\\\/\\\/pictures-by-mrc.com\\\/#website\",\"url\":\"https:\\\/\\\/pictures-by-mrc.com\\\/\",\"name\":\"Pictures by Mr C.\",\"description\":\"Photographe Mariage Luberon - Vaucluse - Dr\u00f4me\",\"publisher\":{\"@id\":\"https:\\\/\\\/pictures-by-mrc.com\\\/#organization\"},\"potentialAction\":[{\"@type\":\"SearchAction\",\"target\":{\"@type\":\"EntryPoint\",\"urlTemplate\":\"https:\\\/\\\/pictures-by-mrc.com\\\/?s={search_term_string}\"},\"query-input\":{\"@type\":\"PropertyValueSpecification\",\"valueRequired\":true,\"valueName\":\"search_term_string\"}}],\"inLanguage\":\"en-GB\"},{\"@type\":\"Organization\",\"@id\":\"https:\\\/\\\/pictures-by-mrc.com\\\/#organization\",\"name\":\"Pictures by Mr C.\",\"url\":\"https:\\\/\\\/pictures-by-mrc.com\\\/\",\"logo\":{\"@type\":\"ImageObject\",\"inLanguage\":\"en-GB\",\"@id\":\"https:\\\/\\\/pictures-by-mrc.com\\\/#\\\/schema\\\/logo\\\/image\\\/\",\"url\":\"https:\\\/\\\/pictures-by-mrc.com\\\/wp-content\\\/uploads\\\/2021\\\/11\\\/V7.png\",\"contentUrl\":\"https:\\\/\\\/pictures-by-mrc.com\\\/wp-content\\\/uploads\\\/2021\\\/11\\\/V7.png\",\"width\":1080,\"height\":216,\"caption\":\"Pictures by Mr C.\"},\"image\":{\"@id\":\"https:\\\/\\\/pictures-by-mrc.com\\\/#\\\/schema\\\/logo\\\/image\\\/\"},\"sameAs\":[\"https:\\\/\\\/www.instagram.com\\\/picturesbymrc\\\/?hl=fr\"]}]}<\/script>\n<!-- \/ Yoast SEO Premium plugin. -->","yoast_head_json":{"title":"Pictures by Mr C. - Wedding Photographer Luberon Vaucluse Dr\u00f4me","description":"Professional wedding photographer in the Luberon, Vaucluse and Dr\u00f4me Proven\u00e7ale. Expert in spontaneous reportage with a natural look.","robots":{"index":"index","follow":"follow","max-snippet":"max-snippet:-1","max-image-preview":"max-image-preview:large","max-video-preview":"max-video-preview:-1"},"canonical":"https:\/\/pictures-by-mrc.com\/en\/information\/","og_locale":"en_GB","og_type":"article","og_title":"Informations","og_description":"Photographe de mariage professionnel dans le Luberon, Vaucluse et Dr\u00f4me Proven\u00e7ale. Expert du reportage spontan\u00e9 a rendu naturel.","og_url":"https:\/\/pictures-by-mrc.com\/en\/information\/","og_site_name":"Pictures by Mr C.","article_modified_time":"2024-07-02T11:52:03+00:00","og_image":[{"url":"https:\/\/pictures-by-mrc.com\/wp-content\/uploads\/2016\/10\/mariage-preparatifs-mariee.jpg","type":"","width":"","height":""}],"twitter_card":"summary_large_image","twitter_misc":{"Estimated reading time":"5 minutes"},"schema":{"@context":"https:\/\/schema.org","@graph":[{"@type":"WebPage","@id":"https:\/\/pictures-by-mrc.com\/informations\/","url":"https:\/\/pictures-by-mrc.com\/informations\/","name":"Pictures by Mr C. - Wedding Photographer Luberon Vaucluse Dr\u00f4me","isPartOf":{"@id":"https:\/\/pictures-by-mrc.com\/#website"},"primaryImageOfPage":{"@id":"https:\/\/pictures-by-mrc.com\/informations\/#primaryimage"},"image":{"@id":"https:\/\/pictures-by-mrc.com\/informations\/#primaryimage"},"thumbnailUrl":"https:\/\/pictures-by-mrc.com\/wp-content\/uploads\/2016\/10\/mariage-preparatifs-mariee.jpg","datePublished":"2021-09-17T04:27:07+00:00","dateModified":"2024-07-02T11:52:03+00:00","description":"Professional wedding photographer in the Luberon, Vaucluse and Dr\u00f4me Proven\u00e7ale. Expert in spontaneous reportage with a natural look.","breadcrumb":{"@id":"https:\/\/pictures-by-mrc.com\/informations\/#breadcrumb"},"inLanguage":"en-GB","potentialAction":[{"@type":"ReadAction","target":["https:\/\/pictures-by-mrc.com\/informations\/"]}]},{"@type":"ImageObject","inLanguage":"en-GB","@id":"https:\/\/pictures-by-mrc.com\/informations\/#primaryimage","url":"https:\/\/pictures-by-mrc.com\/wp-content\/uploads\/2016\/10\/mariage-preparatifs-mariee.jpg","contentUrl":"https:\/\/pictures-by-mrc.com\/wp-content\/uploads\/2016\/10\/mariage-preparatifs-mariee.jpg"},{"@type":"BreadcrumbList","@id":"https:\/\/pictures-by-mrc.com\/informations\/#breadcrumb","itemListElement":[{"@type":"ListItem","position":1,"name":"Accueil","item":"https:\/\/pictures-by-mrc.com\/"},{"@type":"ListItem","position":2,"name":"Informations"}]},{"@type":"WebSite","@id":"https:\/\/pictures-by-mrc.com\/#website","url":"https:\/\/pictures-by-mrc.com\/","name":"Pictures by Mr C.","description":"Wedding Photographer Luberon - Vaucluse - Dr\u00f4me","publisher":{"@id":"https:\/\/pictures-by-mrc.com\/#organization"},"potentialAction":[{"@type":"SearchAction","target":{"@type":"EntryPoint","urlTemplate":"https:\/\/pictures-by-mrc.com\/?s={search_term_string}"},"query-input":{"@type":"PropertyValueSpecification","valueRequired":true,"valueName":"search_term_string"}}],"inLanguage":"en-GB"},{"@type":"Organization","@id":"https:\/\/pictures-by-mrc.com\/#organization","name":"Pictures by Mr C.","url":"https:\/\/pictures-by-mrc.com\/","logo":{"@type":"ImageObject","inLanguage":"en-GB","@id":"https:\/\/pictures-by-mrc.com\/#\/schema\/logo\/image\/","url":"https:\/\/pictures-by-mrc.com\/wp-content\/uploads\/2021\/11\/V7.png","contentUrl":"https:\/\/pictures-by-mrc.com\/wp-content\/uploads\/2021\/11\/V7.png","width":1080,"height":216,"caption":"Pictures by Mr C."},"image":{"@id":"https:\/\/pictures-by-mrc.com\/#\/schema\/logo\/image\/"},"sameAs":["https:\/\/www.instagram.com\/picturesbymrc\/?hl=fr"]}]}},"_links":{"self":[{"href":"https:\/\/pictures-by-mrc.com\/en\/wp-json\/wp\/v2\/pages\/360","targetHints":{"allow":["GET"]}}],"collection":[{"href":"https:\/\/pictures-by-mrc.com\/en\/wp-json\/wp\/v2\/pages"}],"about":[{"href":"https:\/\/pictures-by-mrc.com\/en\/wp-json\/wp\/v2\/types\/page"}],"author":[{"embeddable":true,"href":"https:\/\/pictures-by-mrc.com\/en\/wp-json\/wp\/v2\/users\/1"}],"replies":[{"embeddable":true,"href":"https:\/\/pictures-by-mrc.com\/en\/wp-json\/wp\/v2\/comments?post=360"}],"version-history":[{"count":130,"href":"https:\/\/pictures-by-mrc.com\/en\/wp-json\/wp\/v2\/pages\/360\/revisions"}],"predecessor-version":[{"id":2799,"href":"https:\/\/pictures-by-mrc.com\/en\/wp-json\/wp\/v2\/pages\/360\/revisions\/2799"}],"wp:attachment":[{"href":"https:\/\/pictures-by-mrc.com\/en\/wp-json\/wp\/v2\/media?parent=360"}],"curies":[{"name":"wp","href":"https:\/\/api.w.org\/{rel}","templated":true}]}}