{"id":356,"date":"2021-09-17T04:02:24","date_gmt":"2021-09-17T04:02:24","guid":{"rendered":"https:\/\/shtheme.org\/demosd\/ckarla\/?page_id=356"},"modified":"2023-04-18T11:52:59","modified_gmt":"2023-04-18T11:52:59","slug":"contact","status":"publish","type":"page","link":"https:\/\/pictures-by-mrc.com\/en\/contact\/","title":{"rendered":"Contact"},"content":{"rendered":"<div data-elementor-type=\"wp-page\" data-elementor-id=\"356\" class=\"elementor elementor-356\">\n\t\t\t\t\t\t<section class=\"elementor-section elementor-top-section elementor-element elementor-element-b534287 elementor-section-full_width elementor-section-height-default elementor-section-height-default\" data-id=\"b534287\" data-element_type=\"section\" data-e-type=\"section\">\n\t\t\t\t\t\t<div class=\"elementor-container elementor-column-gap-no\">\n\t\t\t\t\t<div class=\"elementor-column elementor-col-100 elementor-top-column elementor-element elementor-element-3a0c3a7\" data-id=\"3a0c3a7\" data-element_type=\"column\" data-e-type=\"column\">\n\t\t\t<div class=\"elementor-widget-wrap elementor-element-populated\">\n\t\t\t\t\t\t<div class=\"elementor-element elementor-element-202f875 elementor-align-left elementor-widget elementor-widget-bdevs-banner\" data-id=\"202f875\" data-element_type=\"widget\" data-e-type=\"widget\" data-widget_type=\"bdevs-banner.default\">\n\t\t\t\t<div class=\"elementor-widget-container\">\n\t\t\t\t\t\t\t<div class=\"ready banner-padding bg-img\" data-overlay-light=\"0\" data-background=\"https:\/\/pictures-by-mrc.com\/wp-content\/uploads\/2022\/09\/photographe-mariage-luberon-vaucluse-fleurs-scaled.jpg\">\n\t        <div class=\"container\">\n\t            <div class=\"row\">\n\t                <div class=\"col-md-12\">\n\t                    <div class=\"cat text-center animate-box fadeInUp animated\" data-animate-effect=\"fadeInUp\"> \n\t                    \t\t                    \t<span>I'd love to immortalise your union<\/span>\n\t                        <hr class=\"line line-hr-center\">\n\t                        \t                        \t                        <h1>Get in touch with me!<\/h1>\n\t                        \t                    <\/div>\n\t                <\/div>\n\t            <\/div>\n\t        <\/div>\n\t    <\/div>\n\t\t\t\t\t<\/div>\n\t\t\t\t<\/div>\n\t\t\t\t\t<\/div>\n\t\t<\/div>\n\t\t\t\t\t<\/div>\n\t\t<\/section>\n\t\t\t\t<section class=\"elementor-section elementor-top-section elementor-element elementor-element-a2dc486 elementor-section-full_width elementor-section-height-default elementor-section-height-default\" data-id=\"a2dc486\" data-element_type=\"section\" data-e-type=\"section\">\n\t\t\t\t\t\t<div class=\"elementor-container elementor-column-gap-no\">\n\t\t\t\t\t<div class=\"elementor-column elementor-col-100 elementor-top-column elementor-element elementor-element-5c3fe71\" data-id=\"5c3fe71\" data-element_type=\"column\" data-e-type=\"column\">\n\t\t\t<div class=\"elementor-widget-wrap\">\n\t\t\t\t\t\t\t<\/div>\n\t\t<\/div>\n\t\t\t\t\t<\/div>\n\t\t<\/section>\n\t\t\t\t<section class=\"elementor-section elementor-top-section elementor-element elementor-element-4157a05 elementor-section-boxed elementor-section-height-default elementor-section-height-default\" data-id=\"4157a05\" data-element_type=\"section\" data-e-type=\"section\">\n\t\t\t\t\t\t<div class=\"elementor-container elementor-column-gap-default\">\n\t\t\t\t\t<div class=\"elementor-column elementor-col-100 elementor-top-column elementor-element elementor-element-7f59125\" data-id=\"7f59125\" data-element_type=\"column\" data-e-type=\"column\">\n\t\t\t<div class=\"elementor-widget-wrap elementor-element-populated\">\n\t\t\t\t\t\t<div class=\"elementor-element elementor-element-15a411d elementor-align-left elementor-widget elementor-widget-bdevs-contact\" data-id=\"15a411d\" data-element_type=\"widget\" data-e-type=\"widget\" data-widget_type=\"bdevs-contact.default\">\n\t\t\t\t<div class=\"elementor-widget-container\">\n\t\t\t\t\t\t\t<div class=\"section-padding\">\r\n\t        <div class=\"container\">\r\n\t            <div class=\"row\">\r\n\t                <div class=\"col-md-12 mb-30\">\r\n\t                \t\t                \t<span>Contact me<\/span>\r\n\t                \t\t                \t\t                    <h2>I'd love to immortalise your union.<\/h2>\r\n\t                    \t                <\/div>\r\n\t            <\/div>\r\n\t            <div class=\"row\">\r\n\t                <div class=\"col-md-12\">\r\n\t                    <div class=\"row\">\r\n\t                        <div class=\"col-md-2\"> <span class=\"line-one\"><\/span> <\/div>\r\n\t                        <div class=\"col-md-4 mb-30\">\r\n\t                            <p>I can't wait to accompany you wherever your story takes me!<\/p>\n                            <p>Don't hesitate to contact me! Via the form below or directly by email.\n<\/p> <p>See you soon!<\/p>\n\t                        <\/div>\r\n\t                        <div class=\"col-md-5 offset-md-1\">\r\n\t                            <p><b>Phone number: <\/b>0767577245<\/p>\n\n<b>Email :<\/b> picturesbymrc@gmail.com\t                        <\/div>\r\n\t                    <\/div>\r\n\t                <\/div>\r\n\t            <\/div>\r\n\t        <\/div>\r\n\t    <\/div>\r\n\t\t\t\t\t<\/div>\n\t\t\t\t<\/div>\n\t\t\t\t<div class=\"elementor-element elementor-element-6916a3f elementor-widget elementor-widget-html\" data-id=\"6916a3f\" data-element_type=\"widget\" data-e-type=\"widget\" data-widget_type=\"html.default\">\n\t\t\t\t<div class=\"elementor-widget-container\">\n\t\t\t\t\t<iframe width=\"100%\" height=\"1000\" src=\"https:\/\/www.fotostudio.io\/lead_forms\/4139\" frameborder=\"0\" allowfullscreen><\/iframe>\t\t\t\t<\/div>\n\t\t\t\t<\/div>\n\t\t\t\t\t<\/div>\n\t\t<\/div>\n\t\t\t\t\t<\/div>\n\t\t<\/section>\n\t\t\t\t<section class=\"elementor-section elementor-top-section elementor-element elementor-element-0edefea elementor-section-boxed elementor-section-height-default elementor-section-height-default\" data-id=\"0edefea\" data-element_type=\"section\" data-e-type=\"section\">\n\t\t\t\t\t\t<div class=\"elementor-container elementor-column-gap-default\">\n\t\t\t\t\t<div class=\"elementor-column elementor-col-100 elementor-top-column elementor-element elementor-element-e468270\" data-id=\"e468270\" data-element_type=\"column\" data-e-type=\"column\">\n\t\t\t<div class=\"elementor-widget-wrap elementor-element-populated\">\n\t\t\t\t\t\t<div class=\"elementor-element elementor-element-3ea25b5 elementor-widget elementor-widget-html\" data-id=\"3ea25b5\" data-element_type=\"widget\" data-e-type=\"widget\" data-widget_type=\"html.default\">\n\t\t\t\t<div class=\"elementor-widget-container\">\n\t\t\t\t\t<!-- D\u00e9but de widget de badge Calendly -->\r\n<link href=\"https:\/\/assets.calendly.com\/assets\/external\/widget.css\" rel=\"stylesheet\">\r\n<script src=\"https:\/\/assets.calendly.com\/assets\/external\/widget.js\" type=\"text\/javascript\" async><\/script>\r\n<script type=\"text\/javascript\">window.onload = function() { Calendly.initBadgeWidget({ url: 'https:\/\/calendly.com\/picturesbymrc\/rendez-vous-mariage?primary_color=91a49a', text: 'Prenons RDV', color: '#91a49a', textColor: '#ffffff', branding: true }); }<\/script>\r\n<!-- Fin de widget de badge Calendly -->\t\t\t\t<\/div>\n\t\t\t\t<\/div>\n\t\t\t\t\t<\/div>\n\t\t<\/div>\n\t\t\t\t\t<\/div>\n\t\t<\/section>\n\t\t\t\t<\/div>","protected":false},"excerpt":{"rendered":"<p>J&#8217;adorerais immortaliser votre union Contactez-moi ! Contactez moi J&#8217;adorerais immortaliser votre union. J&#8217;ai h\u00e2te de vous accompagner l\u00e0 o\u00f9 votre histoire m&#8217;emmenera ! N&#8217;h\u00e9sitez pas \u00e0 me contacter ! Via le formulaire ci dessous ou directement par mail. A tr\u00e8s vite ! T\u00e9l\u00e9phone: 0767577245 Email : picturesbymrc@gmail.com<\/p>","protected":false},"author":1,"featured_media":0,"parent":0,"menu_order":0,"comment_status":"closed","ping_status":"closed","template":"page-templates\/home-2.php","meta":{"_monsterinsights_skip_tracking":false,"_monsterinsights_sitenote_active":false,"_monsterinsights_sitenote_note":"","_monsterinsights_sitenote_category":0,"footnotes":""},"class_list":["post-356","page","type-page","status-publish","hentry"],"yoast_head":"<!-- This site is optimized with the Yoast SEO Premium plugin v19.2.1 (Yoast SEO v27.4) - https:\/\/yoast.com\/product\/yoast-seo-premium-wordpress\/ -->\n<title>Pictures by Mr C. - Photographe mariage Luberon Vaucluse Dr\u00f4me<\/title>\n<meta name=\"description\" content=\"Contactez moi afin de faire connaissance et discuter du reportage de votre mariage en Luberon, Dr\u00f4me ou Provence.\" \/>\n<meta name=\"robots\" content=\"index, follow, max-snippet:-1, max-image-preview:large, max-video-preview:-1\" \/>\n<link rel=\"canonical\" href=\"https:\/\/pictures-by-mrc.com\/en\/contact\/\" \/>\n<meta property=\"og:locale\" content=\"en_GB\" \/>\n<meta property=\"og:type\" content=\"article\" \/>\n<meta property=\"og:title\" content=\"Contact\" \/>\n<meta property=\"og:description\" content=\"Contactez moi afin de faire connaissance et discuter du reportage de votre mariage en Luberon, Dr\u00f4me ou Provence.\" \/>\n<meta property=\"og:url\" content=\"https:\/\/pictures-by-mrc.com\/en\/contact\/\" \/>\n<meta property=\"og:site_name\" content=\"Pictures by Mr C.\" \/>\n<meta property=\"article:modified_time\" content=\"2023-04-18T11:52:59+00:00\" \/>\n<meta name=\"twitter:card\" content=\"summary_large_image\" \/>\n<meta name=\"twitter:label1\" content=\"Estimated reading time\" \/>\n\t<meta name=\"twitter:data1\" content=\"1 minute\" \/>\n<script type=\"application\/ld+json\" class=\"yoast-schema-graph\">{\"@context\":\"https:\\\/\\\/schema.org\",\"@graph\":[{\"@type\":\"WebPage\",\"@id\":\"https:\\\/\\\/pictures-by-mrc.com\\\/contact\\\/\",\"url\":\"https:\\\/\\\/pictures-by-mrc.com\\\/contact\\\/\",\"name\":\"Pictures by Mr C. - Photographe mariage Luberon Vaucluse Dr\u00f4me\",\"isPartOf\":{\"@id\":\"https:\\\/\\\/pictures-by-mrc.com\\\/#website\"},\"datePublished\":\"2021-09-17T04:02:24+00:00\",\"dateModified\":\"2023-04-18T11:52:59+00:00\",\"description\":\"Contactez moi afin de faire connaissance et discuter du reportage de votre mariage en Luberon, Dr\u00f4me ou Provence.\",\"breadcrumb\":{\"@id\":\"https:\\\/\\\/pictures-by-mrc.com\\\/contact\\\/#breadcrumb\"},\"inLanguage\":\"en-GB\",\"potentialAction\":[{\"@type\":\"ReadAction\",\"target\":[\"https:\\\/\\\/pictures-by-mrc.com\\\/contact\\\/\"]}]},{\"@type\":\"BreadcrumbList\",\"@id\":\"https:\\\/\\\/pictures-by-mrc.com\\\/contact\\\/#breadcrumb\",\"itemListElement\":[{\"@type\":\"ListItem\",\"position\":1,\"name\":\"Accueil\",\"item\":\"https:\\\/\\\/pictures-by-mrc.com\\\/\"},{\"@type\":\"ListItem\",\"position\":2,\"name\":\"Contact\"}]},{\"@type\":\"WebSite\",\"@id\":\"https:\\\/\\\/pictures-by-mrc.com\\\/#website\",\"url\":\"https:\\\/\\\/pictures-by-mrc.com\\\/\",\"name\":\"Pictures by Mr C.\",\"description\":\"Photographe Mariage Luberon - Vaucluse - Dr\u00f4me\",\"publisher\":{\"@id\":\"https:\\\/\\\/pictures-by-mrc.com\\\/#organization\"},\"potentialAction\":[{\"@type\":\"SearchAction\",\"target\":{\"@type\":\"EntryPoint\",\"urlTemplate\":\"https:\\\/\\\/pictures-by-mrc.com\\\/?s={search_term_string}\"},\"query-input\":{\"@type\":\"PropertyValueSpecification\",\"valueRequired\":true,\"valueName\":\"search_term_string\"}}],\"inLanguage\":\"en-GB\"},{\"@type\":\"Organization\",\"@id\":\"https:\\\/\\\/pictures-by-mrc.com\\\/#organization\",\"name\":\"Pictures by Mr C.\",\"url\":\"https:\\\/\\\/pictures-by-mrc.com\\\/\",\"logo\":{\"@type\":\"ImageObject\",\"inLanguage\":\"en-GB\",\"@id\":\"https:\\\/\\\/pictures-by-mrc.com\\\/#\\\/schema\\\/logo\\\/image\\\/\",\"url\":\"https:\\\/\\\/pictures-by-mrc.com\\\/wp-content\\\/uploads\\\/2021\\\/11\\\/V7.png\",\"contentUrl\":\"https:\\\/\\\/pictures-by-mrc.com\\\/wp-content\\\/uploads\\\/2021\\\/11\\\/V7.png\",\"width\":1080,\"height\":216,\"caption\":\"Pictures by Mr C.\"},\"image\":{\"@id\":\"https:\\\/\\\/pictures-by-mrc.com\\\/#\\\/schema\\\/logo\\\/image\\\/\"},\"sameAs\":[\"https:\\\/\\\/www.instagram.com\\\/picturesbymrc\\\/?hl=fr\"]}]}<\/script>\n<!-- \/ Yoast SEO Premium plugin. -->","yoast_head_json":{"title":"Pictures by Mr C. - Wedding photographer Luberon Vaucluse Dr\u00f4me","description":"Contact me to get to know each other and discuss the coverage of your wedding in the Luberon, Dr\u00f4me or Provence.","robots":{"index":"index","follow":"follow","max-snippet":"max-snippet:-1","max-image-preview":"max-image-preview:large","max-video-preview":"max-video-preview:-1"},"canonical":"https:\/\/pictures-by-mrc.com\/en\/contact\/","og_locale":"en_GB","og_type":"article","og_title":"Contact","og_description":"Contactez moi afin de faire connaissance et discuter du reportage de votre mariage en Luberon, Dr\u00f4me ou Provence.","og_url":"https:\/\/pictures-by-mrc.com\/en\/contact\/","og_site_name":"Pictures by Mr C.","article_modified_time":"2023-04-18T11:52:59+00:00","twitter_card":"summary_large_image","twitter_misc":{"Estimated reading time":"1 minute"},"schema":{"@context":"https:\/\/schema.org","@graph":[{"@type":"WebPage","@id":"https:\/\/pictures-by-mrc.com\/contact\/","url":"https:\/\/pictures-by-mrc.com\/contact\/","name":"Pictures by Mr C. - Wedding photographer Luberon Vaucluse Dr\u00f4me","isPartOf":{"@id":"https:\/\/pictures-by-mrc.com\/#website"},"datePublished":"2021-09-17T04:02:24+00:00","dateModified":"2023-04-18T11:52:59+00:00","description":"Contact me to get to know each other and discuss the coverage of your wedding in the Luberon, Dr\u00f4me or Provence.","breadcrumb":{"@id":"https:\/\/pictures-by-mrc.com\/contact\/#breadcrumb"},"inLanguage":"en-GB","potentialAction":[{"@type":"ReadAction","target":["https:\/\/pictures-by-mrc.com\/contact\/"]}]},{"@type":"BreadcrumbList","@id":"https:\/\/pictures-by-mrc.com\/contact\/#breadcrumb","itemListElement":[{"@type":"ListItem","position":1,"name":"Accueil","item":"https:\/\/pictures-by-mrc.com\/"},{"@type":"ListItem","position":2,"name":"Contact"}]},{"@type":"WebSite","@id":"https:\/\/pictures-by-mrc.com\/#website","url":"https:\/\/pictures-by-mrc.com\/","name":"Pictures by Mr C.","description":"Wedding Photographer Luberon - Vaucluse - Dr\u00f4me","publisher":{"@id":"https:\/\/pictures-by-mrc.com\/#organization"},"potentialAction":[{"@type":"SearchAction","target":{"@type":"EntryPoint","urlTemplate":"https:\/\/pictures-by-mrc.com\/?s={search_term_string}"},"query-input":{"@type":"PropertyValueSpecification","valueRequired":true,"valueName":"search_term_string"}}],"inLanguage":"en-GB"},{"@type":"Organization","@id":"https:\/\/pictures-by-mrc.com\/#organization","name":"Pictures by Mr C.","url":"https:\/\/pictures-by-mrc.com\/","logo":{"@type":"ImageObject","inLanguage":"en-GB","@id":"https:\/\/pictures-by-mrc.com\/#\/schema\/logo\/image\/","url":"https:\/\/pictures-by-mrc.com\/wp-content\/uploads\/2021\/11\/V7.png","contentUrl":"https:\/\/pictures-by-mrc.com\/wp-content\/uploads\/2021\/11\/V7.png","width":1080,"height":216,"caption":"Pictures by Mr C."},"image":{"@id":"https:\/\/pictures-by-mrc.com\/#\/schema\/logo\/image\/"},"sameAs":["https:\/\/www.instagram.com\/picturesbymrc\/?hl=fr"]}]}},"_links":{"self":[{"href":"https:\/\/pictures-by-mrc.com\/en\/wp-json\/wp\/v2\/pages\/356","targetHints":{"allow":["GET"]}}],"collection":[{"href":"https:\/\/pictures-by-mrc.com\/en\/wp-json\/wp\/v2\/pages"}],"about":[{"href":"https:\/\/pictures-by-mrc.com\/en\/wp-json\/wp\/v2\/types\/page"}],"author":[{"embeddable":true,"href":"https:\/\/pictures-by-mrc.com\/en\/wp-json\/wp\/v2\/users\/1"}],"replies":[{"embeddable":true,"href":"https:\/\/pictures-by-mrc.com\/en\/wp-json\/wp\/v2\/comments?post=356"}],"version-history":[{"count":30,"href":"https:\/\/pictures-by-mrc.com\/en\/wp-json\/wp\/v2\/pages\/356\/revisions"}],"predecessor-version":[{"id":2666,"href":"https:\/\/pictures-by-mrc.com\/en\/wp-json\/wp\/v2\/pages\/356\/revisions\/2666"}],"wp:attachment":[{"href":"https:\/\/pictures-by-mrc.com\/en\/wp-json\/wp\/v2\/media?parent=356"}],"curies":[{"name":"wp","href":"https:\/\/api.w.org\/{rel}","templated":true}]}}