{"id":2697,"date":"2024-05-13T09:03:47","date_gmt":"2024-05-13T09:03:47","guid":{"rendered":"https:\/\/pictures-by-mrc.com\/?page_id=2697"},"modified":"2024-05-13T09:27:17","modified_gmt":"2024-05-13T09:27:17","slug":"woody","status":"publish","type":"page","link":"https:\/\/pictures-by-mrc.com\/en\/woody\/","title":{"rendered":"WOODY"},"content":{"rendered":"<div data-elementor-type=\"wp-page\" data-elementor-id=\"2697\" class=\"elementor elementor-2697\">\n\t\t\t\t\t\t<section class=\"elementor-section elementor-top-section elementor-element elementor-element-c9e650b elementor-section-full_width elementor-section-height-default elementor-section-height-default\" data-id=\"c9e650b\" data-element_type=\"section\" data-e-type=\"section\">\n\t\t\t\t\t\t<div class=\"elementor-container elementor-column-gap-no\">\n\t\t\t\t\t<div class=\"elementor-column elementor-col-100 elementor-top-column elementor-element elementor-element-435c3a8\" data-id=\"435c3a8\" data-element_type=\"column\" data-e-type=\"column\">\n\t\t\t<div class=\"elementor-widget-wrap elementor-element-populated\">\n\t\t\t\t\t\t<div class=\"elementor-element elementor-element-72e559f elementor-align-left elementor-widget elementor-widget-bdevs-banner\" data-id=\"72e559f\" data-element_type=\"widget\" data-e-type=\"widget\" data-widget_type=\"bdevs-banner.default\">\n\t\t\t\t<div class=\"elementor-widget-container\">\n\t\t\t\t\t\t\t<div class=\"ready banner-padding bg-img\" data-overlay-light=\"0\" data-background=\"https:\/\/pictures-by-mrc.com\/wp-content\/uploads\/2023\/01\/SY-LQ-33-scaled.jpg\">\n\t        <div class=\"container\">\n\t            <div class=\"row\">\n\t                <div class=\"col-md-12\">\n\t                    <div class=\"cat text-center animate-box fadeInUp animated\" data-animate-effect=\"fadeInUp\"> \n\t                    \t\t                    \t<span>Woody galleries<\/span>\n\t                        <hr class=\"line line-hr-center\">\n\t                        \t                        \t                        <h1><\/h1>\n\t                        \t                    <\/div>\n\t                <\/div>\n\t            <\/div>\n\t        <\/div>\n\t    <\/div>\n\t\t\t\t\t<\/div>\n\t\t\t\t<\/div>\n\t\t\t\t\t<\/div>\n\t\t<\/div>\n\t\t\t\t\t<\/div>\n\t\t<\/section>\n\t\t\t\t<section class=\"elementor-section elementor-top-section elementor-element elementor-element-b1d369c elementor-section-full_width elementor-section-height-default elementor-section-height-default\" data-id=\"b1d369c\" data-element_type=\"section\" data-e-type=\"section\">\n\t\t\t\t\t\t<div class=\"elementor-container elementor-column-gap-no\">\n\t\t\t\t\t<div class=\"elementor-column elementor-col-100 elementor-top-column elementor-element elementor-element-041518f\" data-id=\"041518f\" data-element_type=\"column\" data-e-type=\"column\">\n\t\t\t<div class=\"elementor-widget-wrap elementor-element-populated\">\n\t\t\t\t\t\t<div class=\"elementor-element elementor-element-1077429 elementor-widget elementor-widget-html\" data-id=\"1077429\" data-element_type=\"widget\" data-e-type=\"widget\" data-widget_type=\"html.default\">\n\t\t\t\t<div class=\"elementor-widget-container\">\n\t\t\t\t\t<iframe allow=\"web-share\" src=\"https:\/\/fotoshare.co\/u\/Pictures%20by%20Mr%20C.?embed=1\" style=\"width:200%;height:1000px;border:0;\" frameborder=\"0\"><\/iframe>\t\t\t\t<\/div>\n\t\t\t\t<\/div>\n\t\t\t\t\t<\/div>\n\t\t<\/div>\n\t\t\t\t\t<\/div>\n\t\t<\/section>\n\t\t\t\t<\/div>","protected":false},"excerpt":{"rendered":"<p>Woody galleries<\/p>","protected":false},"author":1,"featured_media":0,"parent":0,"menu_order":0,"comment_status":"closed","ping_status":"closed","template":"page-templates\/home-2.php","meta":{"_monsterinsights_skip_tracking":false,"_monsterinsights_sitenote_active":false,"_monsterinsights_sitenote_note":"","_monsterinsights_sitenote_category":0,"footnotes":""},"class_list":["post-2697","page","type-page","status-publish","hentry"],"yoast_head":"<!-- This site is optimized with the Yoast SEO Premium plugin v19.2.1 (Yoast SEO v27.4) - https:\/\/yoast.com\/product\/yoast-seo-premium-wordpress\/ -->\n<title>Pictures by Mr C. - Photographe Mariage Luberon Vaucluse Dr\u00f4me<\/title>\n<meta name=\"description\" content=\"Photographe de mariage professionnel dans le Luberon, Vaucluse et Dr\u00f4me Proven\u00e7ale. Expert du reportage spontan\u00e9 a rendu naturel.\" \/>\n<meta name=\"robots\" content=\"index, follow, max-snippet:-1, max-image-preview:large, max-video-preview:-1\" \/>\n<link rel=\"canonical\" href=\"https:\/\/pictures-by-mrc.com\/en\/woody\/\" \/>\n<meta property=\"og:locale\" content=\"en_GB\" \/>\n<meta property=\"og:type\" content=\"article\" \/>\n<meta property=\"og:title\" content=\"WOODY\" \/>\n<meta property=\"og:description\" content=\"Photographe de mariage professionnel dans le Luberon, Vaucluse et Dr\u00f4me Proven\u00e7ale. Expert du reportage spontan\u00e9 a rendu naturel.\" \/>\n<meta property=\"og:url\" content=\"https:\/\/pictures-by-mrc.com\/en\/woody\/\" \/>\n<meta property=\"og:site_name\" content=\"Pictures by Mr C.\" \/>\n<meta property=\"article:modified_time\" content=\"2024-05-13T09:27:17+00:00\" \/>\n<meta name=\"twitter:card\" content=\"summary_large_image\" \/>\n<meta name=\"twitter:label1\" content=\"Estimated reading time\" \/>\n\t<meta name=\"twitter:data1\" content=\"1 minute\" \/>\n<script type=\"application\/ld+json\" class=\"yoast-schema-graph\">{\"@context\":\"https:\\\/\\\/schema.org\",\"@graph\":[{\"@type\":\"WebPage\",\"@id\":\"https:\\\/\\\/pictures-by-mrc.com\\\/woody\\\/\",\"url\":\"https:\\\/\\\/pictures-by-mrc.com\\\/woody\\\/\",\"name\":\"Pictures by Mr C. - Photographe Mariage Luberon Vaucluse Dr\u00f4me\",\"isPartOf\":{\"@id\":\"https:\\\/\\\/pictures-by-mrc.com\\\/#website\"},\"datePublished\":\"2024-05-13T09:03:47+00:00\",\"dateModified\":\"2024-05-13T09:27:17+00:00\",\"description\":\"Photographe de mariage professionnel dans le Luberon, Vaucluse et Dr\u00f4me Proven\u00e7ale. Expert du reportage spontan\u00e9 a rendu naturel.\",\"breadcrumb\":{\"@id\":\"https:\\\/\\\/pictures-by-mrc.com\\\/woody\\\/#breadcrumb\"},\"inLanguage\":\"en-GB\",\"potentialAction\":[{\"@type\":\"ReadAction\",\"target\":[\"https:\\\/\\\/pictures-by-mrc.com\\\/woody\\\/\"]}]},{\"@type\":\"BreadcrumbList\",\"@id\":\"https:\\\/\\\/pictures-by-mrc.com\\\/woody\\\/#breadcrumb\",\"itemListElement\":[{\"@type\":\"ListItem\",\"position\":1,\"name\":\"Accueil\",\"item\":\"https:\\\/\\\/pictures-by-mrc.com\\\/\"},{\"@type\":\"ListItem\",\"position\":2,\"name\":\"WOODY\"}]},{\"@type\":\"WebSite\",\"@id\":\"https:\\\/\\\/pictures-by-mrc.com\\\/#website\",\"url\":\"https:\\\/\\\/pictures-by-mrc.com\\\/\",\"name\":\"Pictures by Mr C.\",\"description\":\"Photographe Mariage Luberon - Vaucluse - Dr\u00f4me\",\"publisher\":{\"@id\":\"https:\\\/\\\/pictures-by-mrc.com\\\/#organization\"},\"potentialAction\":[{\"@type\":\"SearchAction\",\"target\":{\"@type\":\"EntryPoint\",\"urlTemplate\":\"https:\\\/\\\/pictures-by-mrc.com\\\/?s={search_term_string}\"},\"query-input\":{\"@type\":\"PropertyValueSpecification\",\"valueRequired\":true,\"valueName\":\"search_term_string\"}}],\"inLanguage\":\"en-GB\"},{\"@type\":\"Organization\",\"@id\":\"https:\\\/\\\/pictures-by-mrc.com\\\/#organization\",\"name\":\"Pictures by Mr C.\",\"url\":\"https:\\\/\\\/pictures-by-mrc.com\\\/\",\"logo\":{\"@type\":\"ImageObject\",\"inLanguage\":\"en-GB\",\"@id\":\"https:\\\/\\\/pictures-by-mrc.com\\\/#\\\/schema\\\/logo\\\/image\\\/\",\"url\":\"https:\\\/\\\/pictures-by-mrc.com\\\/wp-content\\\/uploads\\\/2021\\\/11\\\/V7.png\",\"contentUrl\":\"https:\\\/\\\/pictures-by-mrc.com\\\/wp-content\\\/uploads\\\/2021\\\/11\\\/V7.png\",\"width\":1080,\"height\":216,\"caption\":\"Pictures by Mr C.\"},\"image\":{\"@id\":\"https:\\\/\\\/pictures-by-mrc.com\\\/#\\\/schema\\\/logo\\\/image\\\/\"},\"sameAs\":[\"https:\\\/\\\/www.instagram.com\\\/picturesbymrc\\\/?hl=fr\"]}]}<\/script>\n<!-- \/ Yoast SEO Premium plugin. -->","yoast_head_json":{"title":"Pictures by Mr C. - Wedding Photographer Luberon Vaucluse Dr\u00f4me","description":"Professional wedding photographer in the Luberon, Vaucluse and Dr\u00f4me Proven\u00e7ale. Expert in spontaneous reportage with a natural look.","robots":{"index":"index","follow":"follow","max-snippet":"max-snippet:-1","max-image-preview":"max-image-preview:large","max-video-preview":"max-video-preview:-1"},"canonical":"https:\/\/pictures-by-mrc.com\/en\/woody\/","og_locale":"en_GB","og_type":"article","og_title":"WOODY","og_description":"Photographe de mariage professionnel dans le Luberon, Vaucluse et Dr\u00f4me Proven\u00e7ale. Expert du reportage spontan\u00e9 a rendu naturel.","og_url":"https:\/\/pictures-by-mrc.com\/en\/woody\/","og_site_name":"Pictures by Mr C.","article_modified_time":"2024-05-13T09:27:17+00:00","twitter_card":"summary_large_image","twitter_misc":{"Estimated reading time":"1 minute"},"schema":{"@context":"https:\/\/schema.org","@graph":[{"@type":"WebPage","@id":"https:\/\/pictures-by-mrc.com\/woody\/","url":"https:\/\/pictures-by-mrc.com\/woody\/","name":"Pictures by Mr C. - Wedding Photographer Luberon Vaucluse Dr\u00f4me","isPartOf":{"@id":"https:\/\/pictures-by-mrc.com\/#website"},"datePublished":"2024-05-13T09:03:47+00:00","dateModified":"2024-05-13T09:27:17+00:00","description":"Professional wedding photographer in the Luberon, Vaucluse and Dr\u00f4me Proven\u00e7ale. Expert in spontaneous reportage with a natural look.","breadcrumb":{"@id":"https:\/\/pictures-by-mrc.com\/woody\/#breadcrumb"},"inLanguage":"en-GB","potentialAction":[{"@type":"ReadAction","target":["https:\/\/pictures-by-mrc.com\/woody\/"]}]},{"@type":"BreadcrumbList","@id":"https:\/\/pictures-by-mrc.com\/woody\/#breadcrumb","itemListElement":[{"@type":"ListItem","position":1,"name":"Accueil","item":"https:\/\/pictures-by-mrc.com\/"},{"@type":"ListItem","position":2,"name":"WOODY"}]},{"@type":"WebSite","@id":"https:\/\/pictures-by-mrc.com\/#website","url":"https:\/\/pictures-by-mrc.com\/","name":"Pictures by Mr C.","description":"Wedding Photographer Luberon - Vaucluse - Dr\u00f4me","publisher":{"@id":"https:\/\/pictures-by-mrc.com\/#organization"},"potentialAction":[{"@type":"SearchAction","target":{"@type":"EntryPoint","urlTemplate":"https:\/\/pictures-by-mrc.com\/?s={search_term_string}"},"query-input":{"@type":"PropertyValueSpecification","valueRequired":true,"valueName":"search_term_string"}}],"inLanguage":"en-GB"},{"@type":"Organization","@id":"https:\/\/pictures-by-mrc.com\/#organization","name":"Pictures by Mr C.","url":"https:\/\/pictures-by-mrc.com\/","logo":{"@type":"ImageObject","inLanguage":"en-GB","@id":"https:\/\/pictures-by-mrc.com\/#\/schema\/logo\/image\/","url":"https:\/\/pictures-by-mrc.com\/wp-content\/uploads\/2021\/11\/V7.png","contentUrl":"https:\/\/pictures-by-mrc.com\/wp-content\/uploads\/2021\/11\/V7.png","width":1080,"height":216,"caption":"Pictures by Mr C."},"image":{"@id":"https:\/\/pictures-by-mrc.com\/#\/schema\/logo\/image\/"},"sameAs":["https:\/\/www.instagram.com\/picturesbymrc\/?hl=fr"]}]}},"_links":{"self":[{"href":"https:\/\/pictures-by-mrc.com\/en\/wp-json\/wp\/v2\/pages\/2697","targetHints":{"allow":["GET"]}}],"collection":[{"href":"https:\/\/pictures-by-mrc.com\/en\/wp-json\/wp\/v2\/pages"}],"about":[{"href":"https:\/\/pictures-by-mrc.com\/en\/wp-json\/wp\/v2\/types\/page"}],"author":[{"embeddable":true,"href":"https:\/\/pictures-by-mrc.com\/en\/wp-json\/wp\/v2\/users\/1"}],"replies":[{"embeddable":true,"href":"https:\/\/pictures-by-mrc.com\/en\/wp-json\/wp\/v2\/comments?post=2697"}],"version-history":[{"count":11,"href":"https:\/\/pictures-by-mrc.com\/en\/wp-json\/wp\/v2\/pages\/2697\/revisions"}],"predecessor-version":[{"id":2710,"href":"https:\/\/pictures-by-mrc.com\/en\/wp-json\/wp\/v2\/pages\/2697\/revisions\/2710"}],"wp:attachment":[{"href":"https:\/\/pictures-by-mrc.com\/en\/wp-json\/wp\/v2\/media?parent=2697"}],"curies":[{"name":"wp","href":"https:\/\/api.w.org\/{rel}","templated":true}]}}