{"id":2224,"date":"2022-09-05T20:06:36","date_gmt":"2022-09-05T20:06:36","guid":{"rendered":"https:\/\/pictures-by-mrc.com\/?page_id=2224"},"modified":"2022-09-14T09:30:51","modified_gmt":"2022-09-14T09:30:51","slug":"appointment","status":"publish","type":"page","link":"https:\/\/pictures-by-mrc.com\/en\/appointment\/","title":{"rendered":"Make an appointment"},"content":{"rendered":"<div data-elementor-type=\"wp-page\" data-elementor-id=\"2224\" class=\"elementor elementor-2224\">\n\t\t\t\t\t\t<section class=\"elementor-section elementor-top-section elementor-element elementor-element-bede4e7 elementor-section-full_width elementor-section-height-default elementor-section-height-default\" data-id=\"bede4e7\" data-element_type=\"section\" data-e-type=\"section\">\n\t\t\t\t\t\t<div class=\"elementor-container elementor-column-gap-no\">\n\t\t\t\t\t<div class=\"elementor-column elementor-col-100 elementor-top-column elementor-element elementor-element-94c8d0f\" data-id=\"94c8d0f\" data-element_type=\"column\" data-e-type=\"column\">\n\t\t\t<div class=\"elementor-widget-wrap elementor-element-populated\">\n\t\t\t\t\t\t<div class=\"elementor-element elementor-element-3b137e2 elementor-align-left elementor-widget elementor-widget-bdevs-banner\" data-id=\"3b137e2\" data-element_type=\"widget\" data-e-type=\"widget\" data-widget_type=\"bdevs-banner.default\">\n\t\t\t\t<div class=\"elementor-widget-container\">\n\t\t\t\t\t\t\t<div class=\"ready banner-padding bg-img\" data-overlay-light=\"0\" data-background=\"https:\/\/pictures-by-mrc.com\/wp-content\/uploads\/2022\/09\/CJ-Civile-45-scaled.jpg\">\n\t        <div class=\"container\">\n\t            <div class=\"row\">\n\t                <div class=\"col-md-12\">\n\t                    <div class=\"cat text-center animate-box fadeInUp animated\" data-animate-effect=\"fadeInUp\"> \n\t                    \t\t                    \t<span>Make an appointment<\/span>\n\t                        <hr class=\"line line-hr-center\">\n\t                        \t                        \t                        <h1><\/h1>\n\t                        \t                    <\/div>\n\t                <\/div>\n\t            <\/div>\n\t        <\/div>\n\t    <\/div>\n\t\t\t\t\t<\/div>\n\t\t\t\t<\/div>\n\t\t\t\t\t<\/div>\n\t\t<\/div>\n\t\t\t\t\t<\/div>\n\t\t<\/section>\n\t\t\t\t<section class=\"elementor-section elementor-top-section elementor-element elementor-element-57c073a elementor-section-boxed elementor-section-height-default elementor-section-height-default\" data-id=\"57c073a\" data-element_type=\"section\" data-e-type=\"section\">\n\t\t\t\t\t\t<div class=\"elementor-container elementor-column-gap-default\">\n\t\t\t\t\t<div class=\"elementor-column elementor-col-100 elementor-top-column elementor-element elementor-element-15717a7\" data-id=\"15717a7\" data-element_type=\"column\" data-e-type=\"column\">\n\t\t\t<div class=\"elementor-widget-wrap elementor-element-populated\">\n\t\t\t\t\t\t<div class=\"elementor-element elementor-element-9b21fb2 elementor-widget elementor-widget-html\" data-id=\"9b21fb2\" data-element_type=\"widget\" data-e-type=\"widget\" data-widget_type=\"html.default\">\n\t\t\t\t<div class=\"elementor-widget-container\">\n\t\t\t\t\t<!-- D\u00e9but de widget en ligne Calendly -->\r\n<div class=\"calendly-inline-widget\" data-url=\"https:\/\/calendly.com\/picturesbymrc\/rendez-vous-mariage?primary_color=91a49a\" style=\"min-width:320px;height:800px;\"><\/div>\r\n<script type=\"text\/javascript\" src=\"https:\/\/assets.calendly.com\/assets\/external\/widget.js\" async><\/script>\r\n<!-- Fin de widget en ligne Calendly -->\t\t\t\t<\/div>\n\t\t\t\t<\/div>\n\t\t\t\t\t<\/div>\n\t\t<\/div>\n\t\t\t\t\t<\/div>\n\t\t<\/section>\n\t\t\t\t<section class=\"elementor-section elementor-top-section elementor-element elementor-element-638010d elementor-section-boxed elementor-section-height-default elementor-section-height-default\" data-id=\"638010d\" data-element_type=\"section\" data-e-type=\"section\">\n\t\t\t\t\t\t<div class=\"elementor-container elementor-column-gap-default\">\n\t\t\t\t\t<div class=\"elementor-column elementor-col-100 elementor-top-column elementor-element elementor-element-bfa0b20\" data-id=\"bfa0b20\" data-element_type=\"column\" data-e-type=\"column\">\n\t\t\t<div class=\"elementor-widget-wrap elementor-element-populated\">\n\t\t\t\t\t\t<div class=\"elementor-element elementor-element-25aec43 elementor-widget elementor-widget-button\" data-id=\"25aec43\" data-element_type=\"widget\" data-e-type=\"widget\" data-widget_type=\"button.default\">\n\t\t\t\t<div class=\"elementor-widget-container\">\n\t\t\t\t\t\t\t\t\t<div class=\"elementor-button-wrapper\">\n\t\t\t\t\t<a class=\"elementor-button elementor-button-link elementor-size-sm\" href=\"\/en\/accueil\/\">\n\t\t\t\t\t\t<span class=\"elementor-button-content-wrapper\">\n\t\t\t\t\t\t\t\t\t<span class=\"elementor-button-text\">Home<\/span>\n\t\t\t\t\t<\/span>\n\t\t\t\t\t<\/a>\n\t\t\t\t<\/div>\n\t\t\t\t\t\t\t\t<\/div>\n\t\t\t\t<\/div>\n\t\t\t\t\t<\/div>\n\t\t<\/div>\n\t\t\t\t\t<\/div>\n\t\t<\/section>\n\t\t\t\t<\/div>","protected":false},"excerpt":{"rendered":"<p>Make an appointment Home<\/p>","protected":false},"author":1,"featured_media":0,"parent":0,"menu_order":0,"comment_status":"closed","ping_status":"closed","template":"page-templates\/home-2.php","meta":{"_monsterinsights_skip_tracking":false,"_monsterinsights_sitenote_active":false,"_monsterinsights_sitenote_note":"","_monsterinsights_sitenote_category":0,"footnotes":""},"class_list":["post-2224","page","type-page","status-publish","hentry"],"yoast_head":"<!-- This site is optimized with the Yoast SEO Premium plugin v19.2.1 (Yoast SEO v27.4) - https:\/\/yoast.com\/product\/yoast-seo-premium-wordpress\/ -->\n<title>Pictures by Mr C. - Photographe mariage Luberon Vaucluse Dr\u00f4me<\/title>\n<meta name=\"description\" content=\"Prenez rdv avec votre photographe de mariage en Luberon, Vaucluse et Dr\u00f4me Proven\u00e7ale. Faisons connaissance et discutons de votre projet.\" \/>\n<meta name=\"robots\" content=\"index, follow, max-snippet:-1, max-image-preview:large, max-video-preview:-1\" \/>\n<link rel=\"canonical\" href=\"https:\/\/pictures-by-mrc.com\/en\/appointment\/\" \/>\n<meta property=\"og:locale\" content=\"en_GB\" \/>\n<meta property=\"og:type\" content=\"article\" \/>\n<meta property=\"og:title\" content=\"Prendre RDV\" \/>\n<meta property=\"og:description\" content=\"Prenez rdv avec votre photographe de mariage en Luberon, Vaucluse et Dr\u00f4me Proven\u00e7ale. Faisons connaissance et discutons de votre projet.\" \/>\n<meta property=\"og:url\" content=\"https:\/\/pictures-by-mrc.com\/en\/appointment\/\" \/>\n<meta property=\"og:site_name\" content=\"Pictures by Mr C.\" \/>\n<meta property=\"article:modified_time\" content=\"2022-09-14T09:30:51+00:00\" \/>\n<meta name=\"twitter:card\" content=\"summary_large_image\" \/>\n<meta name=\"twitter:label1\" content=\"Estimated reading time\" \/>\n\t<meta name=\"twitter:data1\" content=\"1 minute\" \/>\n<script type=\"application\/ld+json\" class=\"yoast-schema-graph\">{\"@context\":\"https:\\\/\\\/schema.org\",\"@graph\":[{\"@type\":\"WebPage\",\"@id\":\"https:\\\/\\\/pictures-by-mrc.com\\\/rdv\\\/\",\"url\":\"https:\\\/\\\/pictures-by-mrc.com\\\/rdv\\\/\",\"name\":\"Pictures by Mr C. - Photographe mariage Luberon Vaucluse Dr\u00f4me\",\"isPartOf\":{\"@id\":\"https:\\\/\\\/pictures-by-mrc.com\\\/#website\"},\"datePublished\":\"2022-09-05T20:06:36+00:00\",\"dateModified\":\"2022-09-14T09:30:51+00:00\",\"description\":\"Prenez rdv avec votre photographe de mariage en Luberon, Vaucluse et Dr\u00f4me Proven\u00e7ale. Faisons connaissance et discutons de votre projet.\",\"breadcrumb\":{\"@id\":\"https:\\\/\\\/pictures-by-mrc.com\\\/rdv\\\/#breadcrumb\"},\"inLanguage\":\"en-GB\",\"potentialAction\":[{\"@type\":\"ReadAction\",\"target\":[\"https:\\\/\\\/pictures-by-mrc.com\\\/rdv\\\/\"]}]},{\"@type\":\"BreadcrumbList\",\"@id\":\"https:\\\/\\\/pictures-by-mrc.com\\\/rdv\\\/#breadcrumb\",\"itemListElement\":[{\"@type\":\"ListItem\",\"position\":1,\"name\":\"Accueil\",\"item\":\"https:\\\/\\\/pictures-by-mrc.com\\\/\"},{\"@type\":\"ListItem\",\"position\":2,\"name\":\"Prendre RDV\"}]},{\"@type\":\"WebSite\",\"@id\":\"https:\\\/\\\/pictures-by-mrc.com\\\/#website\",\"url\":\"https:\\\/\\\/pictures-by-mrc.com\\\/\",\"name\":\"Pictures by Mr C.\",\"description\":\"Photographe Mariage Luberon - Vaucluse - Dr\u00f4me\",\"publisher\":{\"@id\":\"https:\\\/\\\/pictures-by-mrc.com\\\/#organization\"},\"potentialAction\":[{\"@type\":\"SearchAction\",\"target\":{\"@type\":\"EntryPoint\",\"urlTemplate\":\"https:\\\/\\\/pictures-by-mrc.com\\\/?s={search_term_string}\"},\"query-input\":{\"@type\":\"PropertyValueSpecification\",\"valueRequired\":true,\"valueName\":\"search_term_string\"}}],\"inLanguage\":\"en-GB\"},{\"@type\":\"Organization\",\"@id\":\"https:\\\/\\\/pictures-by-mrc.com\\\/#organization\",\"name\":\"Pictures by Mr C.\",\"url\":\"https:\\\/\\\/pictures-by-mrc.com\\\/\",\"logo\":{\"@type\":\"ImageObject\",\"inLanguage\":\"en-GB\",\"@id\":\"https:\\\/\\\/pictures-by-mrc.com\\\/#\\\/schema\\\/logo\\\/image\\\/\",\"url\":\"https:\\\/\\\/pictures-by-mrc.com\\\/wp-content\\\/uploads\\\/2021\\\/11\\\/V7.png\",\"contentUrl\":\"https:\\\/\\\/pictures-by-mrc.com\\\/wp-content\\\/uploads\\\/2021\\\/11\\\/V7.png\",\"width\":1080,\"height\":216,\"caption\":\"Pictures by Mr C.\"},\"image\":{\"@id\":\"https:\\\/\\\/pictures-by-mrc.com\\\/#\\\/schema\\\/logo\\\/image\\\/\"},\"sameAs\":[\"https:\\\/\\\/www.instagram.com\\\/picturesbymrc\\\/?hl=fr\"]}]}<\/script>\n<!-- \/ Yoast SEO Premium plugin. -->","yoast_head_json":{"title":"Pictures by Mr C. - Wedding photographer Luberon Vaucluse Dr\u00f4me","description":"Make an appointment with your wedding photographer in Luberon, Vaucluse and Dr\u00f4me Proven\u00e7ale. Let's get to know each other and discuss your project.","robots":{"index":"index","follow":"follow","max-snippet":"max-snippet:-1","max-image-preview":"max-image-preview:large","max-video-preview":"max-video-preview:-1"},"canonical":"https:\/\/pictures-by-mrc.com\/en\/appointment\/","og_locale":"en_GB","og_type":"article","og_title":"Prendre RDV","og_description":"Prenez rdv avec votre photographe de mariage en Luberon, Vaucluse et Dr\u00f4me Proven\u00e7ale. Faisons connaissance et discutons de votre projet.","og_url":"https:\/\/pictures-by-mrc.com\/en\/appointment\/","og_site_name":"Pictures by Mr C.","article_modified_time":"2022-09-14T09:30:51+00:00","twitter_card":"summary_large_image","twitter_misc":{"Estimated reading time":"1 minute"},"schema":{"@context":"https:\/\/schema.org","@graph":[{"@type":"WebPage","@id":"https:\/\/pictures-by-mrc.com\/rdv\/","url":"https:\/\/pictures-by-mrc.com\/rdv\/","name":"Pictures by Mr C. - Wedding photographer Luberon Vaucluse Dr\u00f4me","isPartOf":{"@id":"https:\/\/pictures-by-mrc.com\/#website"},"datePublished":"2022-09-05T20:06:36+00:00","dateModified":"2022-09-14T09:30:51+00:00","description":"Make an appointment with your wedding photographer in Luberon, Vaucluse and Dr\u00f4me Proven\u00e7ale. Let's get to know each other and discuss your project.","breadcrumb":{"@id":"https:\/\/pictures-by-mrc.com\/rdv\/#breadcrumb"},"inLanguage":"en-GB","potentialAction":[{"@type":"ReadAction","target":["https:\/\/pictures-by-mrc.com\/rdv\/"]}]},{"@type":"BreadcrumbList","@id":"https:\/\/pictures-by-mrc.com\/rdv\/#breadcrumb","itemListElement":[{"@type":"ListItem","position":1,"name":"Accueil","item":"https:\/\/pictures-by-mrc.com\/"},{"@type":"ListItem","position":2,"name":"Prendre RDV"}]},{"@type":"WebSite","@id":"https:\/\/pictures-by-mrc.com\/#website","url":"https:\/\/pictures-by-mrc.com\/","name":"Pictures by Mr C.","description":"Wedding Photographer Luberon - Vaucluse - Dr\u00f4me","publisher":{"@id":"https:\/\/pictures-by-mrc.com\/#organization"},"potentialAction":[{"@type":"SearchAction","target":{"@type":"EntryPoint","urlTemplate":"https:\/\/pictures-by-mrc.com\/?s={search_term_string}"},"query-input":{"@type":"PropertyValueSpecification","valueRequired":true,"valueName":"search_term_string"}}],"inLanguage":"en-GB"},{"@type":"Organization","@id":"https:\/\/pictures-by-mrc.com\/#organization","name":"Pictures by Mr C.","url":"https:\/\/pictures-by-mrc.com\/","logo":{"@type":"ImageObject","inLanguage":"en-GB","@id":"https:\/\/pictures-by-mrc.com\/#\/schema\/logo\/image\/","url":"https:\/\/pictures-by-mrc.com\/wp-content\/uploads\/2021\/11\/V7.png","contentUrl":"https:\/\/pictures-by-mrc.com\/wp-content\/uploads\/2021\/11\/V7.png","width":1080,"height":216,"caption":"Pictures by Mr C."},"image":{"@id":"https:\/\/pictures-by-mrc.com\/#\/schema\/logo\/image\/"},"sameAs":["https:\/\/www.instagram.com\/picturesbymrc\/?hl=fr"]}]}},"_links":{"self":[{"href":"https:\/\/pictures-by-mrc.com\/en\/wp-json\/wp\/v2\/pages\/2224","targetHints":{"allow":["GET"]}}],"collection":[{"href":"https:\/\/pictures-by-mrc.com\/en\/wp-json\/wp\/v2\/pages"}],"about":[{"href":"https:\/\/pictures-by-mrc.com\/en\/wp-json\/wp\/v2\/types\/page"}],"author":[{"embeddable":true,"href":"https:\/\/pictures-by-mrc.com\/en\/wp-json\/wp\/v2\/users\/1"}],"replies":[{"embeddable":true,"href":"https:\/\/pictures-by-mrc.com\/en\/wp-json\/wp\/v2\/comments?post=2224"}],"version-history":[{"count":18,"href":"https:\/\/pictures-by-mrc.com\/en\/wp-json\/wp\/v2\/pages\/2224\/revisions"}],"predecessor-version":[{"id":2375,"href":"https:\/\/pictures-by-mrc.com\/en\/wp-json\/wp\/v2\/pages\/2224\/revisions\/2375"}],"wp:attachment":[{"href":"https:\/\/pictures-by-mrc.com\/en\/wp-json\/wp\/v2\/media?parent=2224"}],"curies":[{"name":"wp","href":"https:\/\/api.w.org\/{rel}","templated":true}]}}